{"id":480,"date":"2015-07-02T10:43:53","date_gmt":"2015-07-02T08:43:53","guid":{"rendered":"http:\/\/www.forbear.icaswildlife.ro\/?page_id=480"},"modified":"2015-12-03T14:26:01","modified_gmt":"2015-12-03T12:26:01","slug":"beneficiari","status":"publish","type":"page","link":"https:\/\/www.forbear.icaswildlife.ro\/en\/beneficiari\/","title":{"rendered":"Beneficiaries"},"content":{"rendered":"<p><strong>Coordinating Beneficiary:<\/strong><\/p>\n<ul>\n<li><a href=\"http:\/\/www.icasbv.ro\/\">Institutul de Cercet\u0103ri \u015fi Amenaj\u0103ri Silvice Sta\u0163iunea Bra\u015fov<\/a>\u00a0(INCDS Marin Dr\u0103cea)<\/li>\n<\/ul>\n<p><strong>Associates\u00a0Beneficiary:<\/strong><\/p>\n<ul>\n<li><a href=\"http:\/\/www.mmediu.ro\/\">Ministerul Mediului Apelor \u015fi P\u0103durilor<\/a><\/li>\n<li><a href=\"http:\/\/www.fundatiacarpati.ro\/\">Funda\u0163ia Carpa\u0163i<\/a><\/li>\n<li><a href=\"http:\/\/www.bucegipark.ro\/\">R.N.P. ROMSILVA \u2013 Administratia parcului Natural Bucegi R.A.<\/a><\/li>\n<li><a href=\"http:\/\/www.rplpkronstadt.ro\/\">Regia Publica Locala a Padurilor Kronstadt R.A.<\/a><\/li>\n<li><a href=\"http:\/\/www.osrasnov.ro\/\">Ocolul Silvic al Orasului Rasnov R.A.<\/a><\/li>\n<\/ul>\n<p><strong>Implementation Period:<\/strong>\u00a0 01.10.2014 \u2013 01.10.2019<\/p>","protected":false},"excerpt":{"rendered":"<p>Coordinating Beneficiary: Institutul de Cercet\u0103ri \u015fi Amenaj\u0103ri Silvice Sta\u0163iunea Bra\u015fov\u00a0(INCDS Marin Dr\u0103cea) Associates\u00a0Beneficiary: Ministerul Mediului Apelor \u015fi P\u0103durilor Funda\u0163ia Carpa\u0163i R.N.P. ROMSILVA \u2013 Administratia parcului Natural Bucegi R.A. Regia Publica Locala a Padurilor Kronstadt R.A. Ocolul Silvic al Orasului Rasnov R.A. Implementation Period:\u00a0 01.10.2014 \u2013 01.10.2019<\/p>\n","protected":false},"author":1,"featured_media":0,"parent":0,"menu_order":0,"comment_status":"open","ping_status":"open","template":"","meta":{"_et_pb_use_builder":"","_et_pb_old_content":"","_et_gb_content_width":""},"_links":{"self":[{"href":"https:\/\/www.forbear.icaswildlife.ro\/en\/wp-json\/wp\/v2\/pages\/480"}],"collection":[{"href":"https:\/\/www.forbear.icaswildlife.ro\/en\/wp-json\/wp\/v2\/pages"}],"about":[{"href":"https:\/\/www.forbear.icaswildlife.ro\/en\/wp-json\/wp\/v2\/types\/page"}],"author":[{"embeddable":true,"href":"https:\/\/www.forbear.icaswildlife.ro\/en\/wp-json\/wp\/v2\/users\/1"}],"replies":[{"embeddable":true,"href":"https:\/\/www.forbear.icaswildlife.ro\/en\/wp-json\/wp\/v2\/comments?post=480"}],"version-history":[{"count":9,"href":"https:\/\/www.forbear.icaswildlife.ro\/en\/wp-json\/wp\/v2\/pages\/480\/revisions"}],"predecessor-version":[{"id":1927,"href":"https:\/\/www.forbear.icaswildlife.ro\/en\/wp-json\/wp\/v2\/pages\/480\/revisions\/1927"}],"wp:attachment":[{"href":"https:\/\/www.forbear.icaswildlife.ro\/en\/wp-json\/wp\/v2\/media?parent=480"}],"curies":[{"name":"wp","href":"https:\/\/api.w.org\/{rel}","templated":true}]}}