{"id":470,"date":"2015-07-02T10:37:23","date_gmt":"2015-07-02T08:37:23","guid":{"rendered":"http:\/\/www.forbear.icaswildlife.ro\/?page_id=470"},"modified":"2020-09-03T18:59:41","modified_gmt":"2020-09-03T16:59:41","slug":"proiectul-life","status":"publish","type":"page","link":"http:\/\/www.forbear.icaswildlife.ro\/en\/proiectul-life\/","title":{"rendered":"LIFE+ Project"},"content":{"rendered":"<p>[et_pb_section fb_built=&#8221;1&#8243; _builder_version=&#8221;4.6.0&#8243; _module_preset=&#8221;default&#8221; custom_padding=&#8221;20px||12px|||&#8221; hover_enabled=&#8221;0&#8243; sticky_enabled=&#8221;0&#8243;][et_pb_row _builder_version=&#8221;4.6.0&#8243; _module_preset=&#8221;default&#8221;][et_pb_column _builder_version=&#8221;4.6.0&#8243; _module_preset=&#8221;default&#8221; type=&#8221;4_4&#8243;][et_pb_text _builder_version=&#8221;4.6.0&#8243; _module_preset=&#8221;default&#8221; hover_enabled=&#8221;0&#8243; sticky_enabled=&#8221;0&#8243; header_font=&#8221;|600|||||||&#8221;]<\/p>\n<h1 style=\"text-align: center;\">Proiectul LIFE+<\/h1>\n<p>[\/et_pb_text][\/et_pb_column][\/et_pb_row][\/et_pb_section][et_pb_section fb_built=&#8221;1&#8243; admin_label=&#8221;Feature&#8221; _builder_version=&#8221;3.22&#8243; parallax=&#8221;on&#8221; custom_padding=&#8221;0|0px|0|0px|false|false&#8221;][et_pb_row _builder_version=&#8221;4.6.0&#8243; _module_preset=&#8221;default&#8221; custom_padding=&#8221;||10px|||&#8221; hover_enabled=&#8221;0&#8243; locked=&#8221;off&#8221; width=&#8221;100%&#8221; use_custom_gutter=&#8221;on&#8221; gutter_width=&#8221;1&#8243; sticky_enabled=&#8221;0&#8243;][et_pb_column type=&#8221;4_4&#8243; _builder_version=&#8221;4.6.0&#8243; _module_preset=&#8221;default&#8221;][et_pb_blurb title=&#8221;Conservarea popula\u021biei de urs brun (Ursus arctos) din Rom\u00e2nia&#8221; use_icon=&#8221;on&#8221; font_icon=&#8221;%%79%%&#8221; icon_placement=&#8221;left&#8221; content_max_width=&#8221;940px&#8221; use_icon_font_size=&#8221;on&#8221; icon_font_size=&#8221;90px&#8221; _builder_version=&#8221;4.6.0&#8243; _module_preset=&#8221;default&#8221; header_level=&#8221;h2&#8243; header_font=&#8221;|600|||||||&#8221; module_alignment=&#8221;center&#8221; custom_margin=&#8221;||||false|false&#8221; custom_padding=&#8221;|||0px|false|false&#8221; hover_enabled=&#8221;0&#8243; sticky_enabled=&#8221;0&#8243;]<\/p>\n<h4><strong><em>LIFE FOR BEAR &#8211; LIFE13 NAT\/RO\/001154<\/em>\u00a0<\/strong><\/h4>\n<p>Perioad\u0103 de implementare: oct 2014-oct 2019 (prelungit: dec2020)\u00a0<\/p>\n<p>Acest proiect a debutat \u00eentr-o manier\u0103 inovativ\u0103, aduc\u00e2nd \u00een plus, fa\u0163\u0103 de ceea ce se aplicase anterior, o viziune integrat\u01ce a unui management complex al conflictelor urs-om, prin testarea unor metode noi, \u00eembun\u0103t\u0103\u0163irea celor aplicate anterior, respectiv optimizarea solu\u0163iilor necesare pentru reducerea conflictelor. Rezultatele vor conduce la identificarea celor mai eficiente mijloace pentru reducerea impactului negativ al dezvolt\u0103rii urbane asupra conserv\u0103rii popula\u0163iei de urs \u0219i \u00eembun\u0103t\u0103\u0163irea educa\u0163iei publicului larg privind protejarea acestei specii, av\u00e2nd efect asupra tuturor habitatelor \u015fi speciilor din zon\u0103.<\/p>\n<p>[\/et_pb_blurb][\/et_pb_column][\/et_pb_row][\/et_pb_section][et_pb_section fb_built=&#8221;1&#8243; _builder_version=&#8221;4.6.0&#8243; _module_preset=&#8221;default&#8221;][et_pb_row _builder_version=&#8221;4.6.0&#8243; _module_preset=&#8221;default&#8221;][et_pb_column type=&#8221;4_4&#8243; _builder_version=&#8221;4.6.0&#8243; _module_preset=&#8221;default&#8221;][\/et_pb_column][\/et_pb_row][\/et_pb_section]<\/p>\n","protected":false},"excerpt":{"rendered":"<p>[et_pb_section fb_built=&#8221;1&#8243; _builder_version=&#8221;4.6.0&#8243; _module_preset=&#8221;default&#8221; custom_padding=&#8221;20px||12px|||&#8221; hover_enabled=&#8221;0&#8243; sticky_enabled=&#8221;0&#8243;][et_pb_row _builder_version=&#8221;4.6.0&#8243; _module_preset=&#8221;default&#8221;][et_pb_column _builder_version=&#8221;4.6.0&#8243; _module_preset=&#8221;default&#8221; type=&#8221;4_4&#8243;][et_pb_text _builder_version=&#8221;4.6.0&#8243; _module_preset=&#8221;default&#8221; hover_enabled=&#8221;0&#8243; sticky_enabled=&#8221;0&#8243; header_font=&#8221;|600|||||||&#8221;] Proiectul LIFE+ [\/et_pb_text][\/et_pb_column][\/et_pb_row][\/et_pb_section][et_pb_section fb_built=&#8221;1&#8243; admin_label=&#8221;Feature&#8221; _builder_version=&#8221;3.22&#8243; parallax=&#8221;on&#8221; custom_padding=&#8221;0|0px|0|0px|false|false&#8221;][et_pb_row _builder_version=&#8221;4.6.0&#8243; _module_preset=&#8221;default&#8221; custom_padding=&#8221;||10px|||&#8221; hover_enabled=&#8221;0&#8243; locked=&#8221;off&#8221; width=&#8221;100%&#8221; use_custom_gutter=&#8221;on&#8221; gutter_width=&#8221;1&#8243; sticky_enabled=&#8221;0&#8243;][et_pb_column type=&#8221;4_4&#8243; _builder_version=&#8221;4.6.0&#8243; _module_preset=&#8221;default&#8221;][et_pb_blurb title=&#8221;Conservarea popula\u021biei de urs brun (Ursus arctos) din Rom\u00e2nia&#8221; use_icon=&#8221;on&#8221; font_icon=&#8221;%%79%%&#8221; icon_placement=&#8221;left&#8221; content_max_width=&#8221;940px&#8221; use_icon_font_size=&#8221;on&#8221; icon_font_size=&#8221;90px&#8221; _builder_version=&#8221;4.6.0&#8243; _module_preset=&#8221;default&#8221; header_level=&#8221;h2&#8243; [&hellip;]<\/p>\n","protected":false},"author":1,"featured_media":0,"parent":0,"menu_order":0,"comment_status":"open","ping_status":"open","template":"","meta":{"_et_pb_use_builder":"on","_et_pb_old_content":"","_et_gb_content_width":""},"_links":{"self":[{"href":"http:\/\/www.forbear.icaswildlife.ro\/en\/wp-json\/wp\/v2\/pages\/470"}],"collection":[{"href":"http:\/\/www.forbear.icaswildlife.ro\/en\/wp-json\/wp\/v2\/pages"}],"about":[{"href":"http:\/\/www.forbear.icaswildlife.ro\/en\/wp-json\/wp\/v2\/types\/page"}],"author":[{"embeddable":true,"href":"http:\/\/www.forbear.icaswildlife.ro\/en\/wp-json\/wp\/v2\/users\/1"}],"replies":[{"embeddable":true,"href":"http:\/\/www.forbear.icaswildlife.ro\/en\/wp-json\/wp\/v2\/comments?post=470"}],"version-history":[{"count":4,"href":"http:\/\/www.forbear.icaswildlife.ro\/en\/wp-json\/wp\/v2\/pages\/470\/revisions"}],"predecessor-version":[{"id":3037,"href":"http:\/\/www.forbear.icaswildlife.ro\/en\/wp-json\/wp\/v2\/pages\/470\/revisions\/3037"}],"wp:attachment":[{"href":"http:\/\/www.forbear.icaswildlife.ro\/en\/wp-json\/wp\/v2\/media?parent=470"}],"curies":[{"name":"wp","href":"https:\/\/api.w.org\/{rel}","templated":true}]}}